{"id":8,"date":"2011-09-26T18:37:05","date_gmt":"2011-09-26T18:37:05","guid":{"rendered":"http:\/\/www.stein-it-consult.de\/WP-Reinhard-Knodt\/?page_id=8"},"modified":"2022-09-11T22:01:25","modified_gmt":"2022-09-11T20:01:25","slug":"partner-projekte","status":"publish","type":"page","link":"https:\/\/www.reinhard-knodt.de\/?page_id=8","title":{"rendered":"Partner + Projekte"},"content":{"rendered":"<div><span style=\"line-height: 16px;\"><span style=\"font-family: Helvetica, Arial, sans-serif; font-size: small;\">PARTNER<\/span><\/span><\/div>\n<div>&nbsp;<\/div>\n<ul>\n<li><a href=\"https:\/\/verlag-alber.de\/themenbereiche\/\">Alber-Verlag (Nomos<\/a>)<\/li>\n<li><a style=\"color: #ff4b33;\" href=\"http:\/\/www.palmartpress.com\/\">PalmArtPress Berlin<\/a><\/li>\n<li><a href=\"https:\/\/www.centre-bagatelle.de\/\">Centre Bagatelle Berlin<\/a><\/li>\n<li><a href=\"https:\/\/www.heidegger-gesellschaft.de\">Martin Heidegger-Gesellschaft&nbsp;<\/a> (Beirat)<\/li>\n<\/ul>\n<div><span style=\"font-size: small;\"><span style=\"line-height: 16px;\">Projekte<\/span><\/span><\/div>\n<ul>\n<li><a href=\"http:\/\/www.schnackenhof.de\">Der Schnackenhof<\/a>&nbsp; (K\u00fcnstlerhaus und Philosophiesalon)<\/li>\n<li><a href=\"http:\/\/www.westostakademie.de\">West\u00f6stliche Akad. f\u00fcr interkulturellen Dialog (www.Westostakademie.de)<\/a>&nbsp; (Vorstand)<\/li>\n<\/ul>\n\n\n<p><\/p>\n","protected":false},"excerpt":{"rendered":"<p>PARTNER &nbsp; Alber-Verlag (Nomos) PalmArtPress Berlin Centre Bagatelle Berlin Martin Heidegger-Gesellschaft&nbsp; (Beirat) Projekte Der Schnackenhof&nbsp; (K\u00fcnstlerhaus und Philosophiesalon) West\u00f6stliche Akad. f\u00fcr interkulturellen Dialog (www.Westostakademie.de)&nbsp; (Vorstand)<\/p>\n","protected":false},"author":1,"featured_media":0,"parent":0,"menu_order":4,"comment_status":"closed","ping_status":"closed","template":"","meta":{"ngg_post_thumbnail":0,"footnotes":""},"class_list":["post-8","page","type-page","status-publish","hentry"],"_links":{"self":[{"href":"https:\/\/www.reinhard-knodt.de\/index.php?rest_route=\/wp\/v2\/pages\/8","targetHints":{"allow":["GET"]}}],"collection":[{"href":"https:\/\/www.reinhard-knodt.de\/index.php?rest_route=\/wp\/v2\/pages"}],"about":[{"href":"https:\/\/www.reinhard-knodt.de\/index.php?rest_route=\/wp\/v2\/types\/page"}],"author":[{"embeddable":true,"href":"https:\/\/www.reinhard-knodt.de\/index.php?rest_route=\/wp\/v2\/users\/1"}],"replies":[{"embeddable":true,"href":"https:\/\/www.reinhard-knodt.de\/index.php?rest_route=%2Fwp%2Fv2%2Fcomments&post=8"}],"version-history":[{"count":23,"href":"https:\/\/www.reinhard-knodt.de\/index.php?rest_route=\/wp\/v2\/pages\/8\/revisions"}],"predecessor-version":[{"id":1638,"href":"https:\/\/www.reinhard-knodt.de\/index.php?rest_route=\/wp\/v2\/pages\/8\/revisions\/1638"}],"wp:attachment":[{"href":"https:\/\/www.reinhard-knodt.de\/index.php?rest_route=%2Fwp%2Fv2%2Fmedia&parent=8"}],"curies":[{"name":"wp","href":"https:\/\/api.w.org\/{rel}","templated":true}]}}