{"id":752,"date":"2014-10-04T23:31:50","date_gmt":"2014-10-04T21:31:50","guid":{"rendered":"http:\/\/www.reinhard-knodt.de\/?page_id=752"},"modified":"2020-11-29T21:44:30","modified_gmt":"2020-11-29T20:44:30","slug":"kunstkritik-kunstreden-und-katalog-beigaben","status":"publish","type":"page","link":"https:\/\/www.reinhard-knodt.de\/?page_id=752","title":{"rendered":"Kunstkritik, Kunstreden und Katalog-Beigaben"},"content":{"rendered":"<address><strong>Von der Macht der Atmosph\u00e4ren<\/strong>. In: Barbara Wolf, Christian Juli &nbsp;&#8211; Die Macht der Atmosph\u00e4ren, Aber, Freiburg\/M\u00fcnchen 2020 Bd. 31 der Reihe der neuen Gesellschaft f\u00fcr Ph\u00e4nomenologie (Walter Burger, Michael Gro\u00dfheim, J\u00fcrgen Hasse, Hilge Landweer) S. 187 &#8211; 201. &nbsp;ISBN 978349549162-1.<\/address>\n<address><strong>\u00dcber Prophetie und Kunst<\/strong> (Rede) Ver\u00f6ff. in Peter Kees, Aktionsraum 2, Arkadien Verlag, (www.arkadi-junold.de) Berlin 2020 &nbsp;S. 37 &#8211; 43.<\/address>\n<address><strong>\u00dcber den Akademiker und Sammler Walter Gebhard<\/strong>, Katalogbeitrag f\u00fcr &#8222;Tuschespuren in der Leere&#8220; &#8211; Chan-Malerei im Dialog zwischen Ost und West, Hg. v. d. Akademie f\u00fcr west-\u00f6stlichen Dialog der Kulturen e.V., Hannover\/N\u00fcrnberg\/K\u00f6ln 2019.(Ausstellungskatalog) S. 53 &#8211; 57.<\/address>\n<address><strong>Der Weg des Westens ist die Kunst<\/strong>, Rede, Sonderdruck d. Kunstvereins Ingolstadt, &nbsp;2016.<\/address>\n<address><strong>&#8222;Lokalklang&#8220; oder Volksmusik? &nbsp;&#8211;<\/strong> Beigabe zu \u201cLokalklang\u201d \u2013 Festival f\u00fcr Volks- und Weltmusik in Bayern v. 9. Mai \u2013 27. Juni 2014 Hg. v. STADTKULTUR Netzwerk Bay. St\u00e4dte &nbsp;Hgg. v. Dr. Christine Fuchs und Norbert Tessmer Ingolstadt, 2014.<\/address>\n<address>&nbsp;<strong>Drei mal Berlin<\/strong> \u2013 Rede in der Galerie Bayerhaus, Berlin Kurf\u00fcrstendamm 187 zu Arbeiten von Friedhelm Denkeler, Ralf Hasford und Horst Hinder am &nbsp;24. 1. <strong>2013<\/strong>.<\/address>\n<address>&nbsp;<strong>Bilder vom Ja und vom Nein \u2013&nbsp;<\/strong>Vortrag, Marktkirche Hannover, Anl\u00e4sslich des 3. Festivals f. Philosophie 2012, Universit\u00e4t Hannover am 11. 4. <strong>2012. &nbsp;<\/strong><\/address>\n<address>&nbsp;<strong>Der Baum, das Blech, der Pavillion und der Hofgarten,<\/strong> Rede im&nbsp; A-trans Pavilion Berlin \u2013 zur Ausstellung Eva Koethen, Samstag, 22. Januar <strong>2011; Publiziert in: EVA&nbsp;<\/strong><span style=\"color: #000000;\"><b>KOTETEN,&nbsp;<\/b><b>Das Kreisen im Quadrat der Kunst..bei: &nbsp;Der blaue Reiter&#8220;- Verlag &nbsp;f\u00fcr Philosophie 2018 S. 94 &#8211; 111 \/\/ISBN &nbsp;9 783933 722645.<\/b><\/span><\/address>\n<address>&nbsp;<strong>Anselm Feuerbach, Philosophie und Kunst, 2006<\/strong>&nbsp;\u2013 Eine Betrachtung. In: Glaser, Lindenmann, Ackermann: Die Feuerbachs \u2013 eine deutsche Familie im 19. Jahrhundert,&nbsp; Schrenk 2006 ( ISBN 3-924270-46-5) S. 87-92.<\/address>\n<address>&nbsp;<strong>Kleine Meditation \u00fcber Papier \/Meditation on Paper, 2006<\/strong>&nbsp;(dtsch\/engl.) Rede beim Kongress der IAPMA v. 4. August \u2013 3. Sept. 2006 in Steyrerm\u00fchl; &nbsp;Druckfassung&nbsp; in \u201ePaper Road, \u2013 internationale Papierkunst \u2013 Industry Paperart, \u00d6sterreichisches Papiermachermuseum Steyrerm\u00fchl und Stadtmuseum Deggendorf Hg. v. J. und H. Tschacher S. 10-19. Ue. D.englisch Fassung: Matthew Pritchard, Cambridge.<\/address>\n<address>&nbsp;<strong>Arbeit mit Licht, 2004<\/strong>: Zu den Aquarellen Fritz Schubers, In Palette:&nbsp; Hg. Michael Balmes ISSN 0945 5760 G 2058 Ausgabe 6.<\/address>\n<address><strong style=\"line-height: 18px;\">Kleine Schule des Sehens 2002<\/strong><span style=\"line-height: 18px;\">&nbsp;\u2013 zu Arbeiten Peter Kampehls, in \u201eLinien Punkte B\u00e4nder, Ausstellung Peter Kampehl, Fembohaus N\u00fcrnberg &nbsp;(ISBN 3-936300003 S. 6-11.)<\/span><\/address>\n<address style=\"line-height: 18px;\">&nbsp;<strong>Das Schweigen der Natur 2002<\/strong>&nbsp;\u2013 \u00fcber Nietzsche und Segantini angesichts eines alpinen Topos S. 61-73 in: Identit\u00e4ten und Alterit\u00e4ten; Hg. v. Hans Joachim Gehrke, Monika Fludernik, Hermann Schwengel,&nbsp; Band 12;&nbsp; Ergon Verlag W\u00fcrzburg (ISBN 3-89913237-8).<\/address>\n<address style=\"line-height: 18px;\"><strong>R\u00fcckf\u00fchrung oder: Wie macht man einen Heiligen? 2000&nbsp;<\/strong>St. Guido \u2013 Speyer 19. 3. 2000 zus. mit&nbsp;Johannes S. Sistermanns, Jochen Kitzbihler und&nbsp;Dieter Zurnieden;&nbsp;(Dokumentation und Ganzabdruck in: Die Rheinpfalz v.&nbsp; 20.3. 2000)<\/address>\n<address><strong>Zeitenpendel und Gewichte &#8211;<\/strong>&nbsp;Katalogbeigabe zu einer Installation in der Berliner Parochialkirche und U- Bahnstation Parochialkirche f\u00fcr Norbert Heins 1994.<\/address>\n<address><span style=\"line-height: 18px;\">\u201d<\/span><strong style=\"line-height: 18px;\">Ein Tisch der G\u00f6tter, 1992<\/strong><span style=\"line-height: 18px;\">\u201d \u2013 \u00dcber technisches Bauen in Paris; NZ (vgl. Langfassung desselben Titels in \u201cLettre International\u201d 2\/1992<\/span><\/address>\n<address><strong>Metaphysik der Sehnsucht 1990<\/strong>&nbsp;\u2013 zu einigen Bildern Utku Varliks, in: FORUM Nr. 1, 1985 ISSN 0778489.\/\u201dUltramarin\u201d (Beigabe zu einem Ausstellungskatalog der Galerie Nothelfer, Berlin) in: \u201cLicht Farbe Klang\u201d (Stefan Becker) Henssel Verlag Berlin.<\/address>\n<address>&nbsp;<\/address>\n<address>&nbsp;\u201d<strong>\u00dcber Grenzen miteinander<\/strong>&nbsp;\u2013 Zu einem Motto und seiner Bearbeitung\u201d, Katalog Stadtmuseum Erlangen, zur gleichnamigen Ausstellung Febr. 1995.<\/address>\n<address>&nbsp;<strong style=\"line-height: 18px;\">Passagen 1999<\/strong><span style=\"line-height: 18px;\">&nbsp; Einf\u00fchrungstext z. gleichnamigen Katalog von Werner Scharmann (Ausstellung 9. Juni \u2013 3. Juli 1999, Galerie Schrag, N\u00fcrnberg Hg. Scharmann \/Uhlig 1999.<\/span><\/address>\n<address><strong>Gibt es die Sch\u00f6nheit der Bilder? 1995<\/strong>&nbsp;(Katalog, Ausstellung Thomas Richter in Lichtenfels v. 23. 4. 95 \u2013 7. Mai 95).<\/address>\n<address>&nbsp;<strong style=\"line-height: 18px;\">Wald und Kunst, 1996<\/strong><span style=\"line-height: 18px;\">&nbsp;\u2013 Lernergebnisse bei einer Begegnung von Landschafts\u00e4sthetik mit Kunstwerk\u00e4sthetik . In&nbsp; \u201eKunsteintrag\u201c&nbsp; Projekt d. Gesamthochschule Kassel und der Nieders\u00e4chsischen Landesforstverwaltung im Reinh\u00e4user Wald. (Vorw. Hiltrud Schr\u00f6der) S. 24- 30. GHK<\/span><\/address>\n<address>&nbsp;<\/address>\n<address>&nbsp;<\/address>\n","protected":false},"excerpt":{"rendered":"<p>Von der Macht der Atmosph\u00e4ren. In: Barbara Wolf, Christian Juli &nbsp;&#8211; Die Macht der Atmosph\u00e4ren, Aber, Freiburg\/M\u00fcnchen 2020 Bd. 31 der Reihe der neuen Gesellschaft f\u00fcr Ph\u00e4nomenologie (Walter Burger, Michael Gro\u00dfheim, J\u00fcrgen Hasse, Hilge Landweer) S. 187 &#8211; 201. &nbsp;ISBN &hellip; <a href=\"https:\/\/www.reinhard-knodt.de\/?page_id=752\">Weiterlesen <span class=\"meta-nav\">&rarr;<\/span><\/a><\/p>\n","protected":false},"author":1,"featured_media":0,"parent":0,"menu_order":0,"comment_status":"closed","ping_status":"closed","template":"","meta":{"ngg_post_thumbnail":0,"footnotes":""},"class_list":["post-752","page","type-page","status-publish","hentry"],"_links":{"self":[{"href":"https:\/\/www.reinhard-knodt.de\/index.php?rest_route=\/wp\/v2\/pages\/752","targetHints":{"allow":["GET"]}}],"collection":[{"href":"https:\/\/www.reinhard-knodt.de\/index.php?rest_route=\/wp\/v2\/pages"}],"about":[{"href":"https:\/\/www.reinhard-knodt.de\/index.php?rest_route=\/wp\/v2\/types\/page"}],"author":[{"embeddable":true,"href":"https:\/\/www.reinhard-knodt.de\/index.php?rest_route=\/wp\/v2\/users\/1"}],"replies":[{"embeddable":true,"href":"https:\/\/www.reinhard-knodt.de\/index.php?rest_route=%2Fwp%2Fv2%2Fcomments&post=752"}],"version-history":[{"count":12,"href":"https:\/\/www.reinhard-knodt.de\/index.php?rest_route=\/wp\/v2\/pages\/752\/revisions"}],"predecessor-version":[{"id":1289,"href":"https:\/\/www.reinhard-knodt.de\/index.php?rest_route=\/wp\/v2\/pages\/752\/revisions\/1289"}],"wp:attachment":[{"href":"https:\/\/www.reinhard-knodt.de\/index.php?rest_route=%2Fwp%2Fv2%2Fmedia&parent=752"}],"curies":[{"name":"wp","href":"https:\/\/api.w.org\/{rel}","templated":true}]}}