{"id":749,"date":"2014-10-04T23:16:40","date_gmt":"2014-10-04T21:16:40","guid":{"rendered":"http:\/\/www.reinhard-knodt.de\/?page_id=749"},"modified":"2014-10-04T23:18:41","modified_gmt":"2014-10-04T21:18:41","slug":"pressearbeiten","status":"publish","type":"page","link":"https:\/\/www.reinhard-knodt.de\/?page_id=749","title":{"rendered":"Pressearbeiten"},"content":{"rendered":"<address><strong>Kritik philosophischer\u00a0 und literarischer\u00a0 Neuerscheinungen in:\u00a0<\/strong><\/address>\n<address>S\u00fcddeutsche Zeitung (regelm\u00e4\u00dfig), Frankfurter Allgemeine Zeitung, Frankfurter Rundschau, Universitas, Schopenhauerstudien, N\u00fcrnberger Zeitung, N\u00fcrnberger Nachrichten, N\u00fcrnberger Bl\u00e4tter u. v. a.\u00a0<strong>Kritiken zu:\u00a0<\/strong>\u00a0E. M Cioran, Odo Marquard, Hermann Glaser, Bernhard Lassahn, Man\u00e8s Sperber, Andr\u00e9 Glucksmann, Friedrich Kaulbach, Karl Otto Apel, Volker Gerhard, Odo Marquard, Herbert Schn\u00e4delbach, H. M. Sch\u00f6nherr, Godehard Schramm, Wolfgang Schirmacher, E. F. Wiedemann, Charles D\u2019Ambrosio, Christian Kracht, Hans Christoph Buch, Aras \u00d6ren. Johanna Walser, Gerhard Falkner, Yashar Kemal, u.a\u2026<\/address>\n","protected":false},"excerpt":{"rendered":"<p>Kritik philosophischer\u00a0 und literarischer\u00a0 Neuerscheinungen in:\u00a0 S\u00fcddeutsche Zeitung (regelm\u00e4\u00dfig), Frankfurter Allgemeine Zeitung, Frankfurter Rundschau, Universitas, Schopenhauerstudien, N\u00fcrnberger Zeitung, N\u00fcrnberger Nachrichten, N\u00fcrnberger Bl\u00e4tter u. v. a.\u00a0Kritiken zu:\u00a0\u00a0E. M Cioran, Odo Marquard, Hermann Glaser, Bernhard Lassahn, Man\u00e8s Sperber, Andr\u00e9 Glucksmann, Friedrich Kaulbach, &hellip; <a href=\"https:\/\/www.reinhard-knodt.de\/?page_id=749\">Weiterlesen <span class=\"meta-nav\">&rarr;<\/span><\/a><\/p>\n","protected":false},"author":1,"featured_media":0,"parent":0,"menu_order":0,"comment_status":"closed","ping_status":"closed","template":"","meta":{"ngg_post_thumbnail":0,"footnotes":""},"class_list":["post-749","page","type-page","status-publish","hentry"],"_links":{"self":[{"href":"https:\/\/www.reinhard-knodt.de\/index.php?rest_route=\/wp\/v2\/pages\/749","targetHints":{"allow":["GET"]}}],"collection":[{"href":"https:\/\/www.reinhard-knodt.de\/index.php?rest_route=\/wp\/v2\/pages"}],"about":[{"href":"https:\/\/www.reinhard-knodt.de\/index.php?rest_route=\/wp\/v2\/types\/page"}],"author":[{"embeddable":true,"href":"https:\/\/www.reinhard-knodt.de\/index.php?rest_route=\/wp\/v2\/users\/1"}],"replies":[{"embeddable":true,"href":"https:\/\/www.reinhard-knodt.de\/index.php?rest_route=%2Fwp%2Fv2%2Fcomments&post=749"}],"version-history":[{"count":1,"href":"https:\/\/www.reinhard-knodt.de\/index.php?rest_route=\/wp\/v2\/pages\/749\/revisions"}],"predecessor-version":[{"id":750,"href":"https:\/\/www.reinhard-knodt.de\/index.php?rest_route=\/wp\/v2\/pages\/749\/revisions\/750"}],"wp:attachment":[{"href":"https:\/\/www.reinhard-knodt.de\/index.php?rest_route=%2Fwp%2Fv2%2Fmedia&parent=749"}],"curies":[{"name":"wp","href":"https:\/\/api.w.org\/{rel}","templated":true}]}}