{"id":729,"date":"2014-10-04T22:58:26","date_gmt":"2014-10-04T20:58:26","guid":{"rendered":"http:\/\/www.reinhard-knodt.de\/?page_id=729"},"modified":"2022-07-19T19:17:04","modified_gmt":"2022-07-19T17:17:04","slug":"literarische-buecher-erzaehlungen-buehne-cd-film","status":"publish","type":"page","link":"https:\/\/www.reinhard-knodt.de\/?page_id=729","title":{"rendered":"B\u00fchne, CD, Film, Feuilletons"},"content":{"rendered":"<address>&nbsp;<\/address><address>&nbsp;<\/address><address><address>&nbsp;<\/address><address><strong>1. Funkerz\u00e4hlungen:<\/strong><\/address><address>&nbsp;<\/address><address>\u201dDer Ri\u00df\u201d. (Bay. Rundf.) Literatur am Dienstagabend 30\u2032,<\/address><address>\u201cDas Dorf\u201d &#8211; Ort urspr\u00fcnglicher Heimat, (BR) (SR) 55&#8242;<\/address><address>\u201cDer Waffenh\u00e4ndler\u201d (SR) (mit Interview durch Arnfrid Astl).<\/address><address>&#8222;Aber so kommen Sie doch mit hinunter zum Fluss!&#8220; (BR 1995\/ 30\u2018)<\/address><address>&nbsp;<\/address><address>&nbsp;<\/address><address>&nbsp;<\/address><address>&nbsp;<\/address><address><strong>2. Einzelver\u00f6ffentlichungen: <\/strong><\/address><address><strong>Erz\u00e4hlungen, Kurzprosa, Buchkritik und Glossen in folgenden&nbsp;Medien:&nbsp;<\/strong><\/address><address>&nbsp;<\/address><address><strong>S\u00fcddeutsche Zeitung&nbsp;<\/strong><\/address><address><strong>LETTRE INTERNATIONAL<\/strong> (1999 ff.) z.B. Asyl, Ein Tisch der G\u00f6tter (\u00dcber Bauen in Paris)<\/address><address><strong> FRANKFURTER HEFTE<\/strong>, 1990, 1991,1993.<\/address><address><strong>\u201cL 80\u2033 <\/strong>(Hg. v. B\u00f6ll, Grass u.a.)&nbsp;(Versch. Texte 1984-89),<\/address><address><strong>RHEINISCHE POST <\/strong>(Magazin)&nbsp;<\/address><address><strong>CARONTE<\/strong> (New York), (Philosophisches)<\/address><address><strong>&#8220; TORSCHLU\u00df\u201d<\/strong> (Anthologie) <strong>FISCHER- TB 5290,&nbsp;<\/strong>Frankf. 1986)&nbsp;<\/address><address><strong>DELP, 1987 ff.)<\/strong>\u201cLust auf Literatur\u201d &nbsp; (VS-Anthologie)&nbsp;<\/address><address><strong style=\"line-height: 14.4px;\">ROWOHLT-TB Nr. 8244<\/strong><span style=\"line-height: 14.4px;\">&nbsp;(Reihe: \u201cRowohlt \u2013 Mann\u201d),<\/span>\u201cLiebesgeschichten aus dem Alltag\u201d,<\/address><address><strong>N\u00fcrnberger Bl\u00e4tter<\/strong>&nbsp;&nbsp;<\/address><address><strong>Freitext<\/strong>&nbsp;Zeitschrift f. Literatur und Philosophie, Berlin&nbsp;<\/address><address><strong>Rotary Magazin<\/strong><\/address><address><strong>N\u00dcRNBERGER ZEITUNG<\/strong><\/address><address><strong>Z\u00fcrcher Zeitung<\/strong><\/address><address><strong>Abendzeitung Nbg.<\/strong><\/address><address>&nbsp;<\/address><address>wird fortgesetzt)<\/address><address>&nbsp;<\/address><\/address><address><address>&nbsp;<\/address><address><address><address><strong>3. \u00d6ffentliche Auff\u00fchrungen:<\/strong><\/address><\/address><address>&nbsp;<\/address><address><strong>1.&nbsp;<\/strong><strong>Zeitenwenden&nbsp;\u2013 ein weltliches Oratorium<\/strong>. Musik: Hans Kraus-Huebner, Urauff\u00fchrung: Juli 2000 im M\u00fcnster Heidenheim.<\/address><address><address>&nbsp;<\/address><address>&nbsp;2.&nbsp;<strong>Spiegelungen<\/strong>(CD) Ein Projekt mit Ewald Arenz (F\u00fcrth) zum j\u00fcdischen Denken der Wiedergeburt. &nbsp;Musik: Annie Giquel (Fl\u00fcgel) und J\u00fcrgen Bachmann (Saxophon). Texte: a. Chananin und Hoshaia (Knodt) \u2013 b. Der Golem von F\u00fcrth. (Arenz). Produktion Richard Gemmel; Beratung Daniel Crochmalnik (Heidelberg); Prod. Equinox Studios &nbsp;undModern Media Production, Leesten. (2002)<\/address><address>&nbsp;<\/address><address><strong><em>3. Legenden,&nbsp;<\/em><\/strong><em>Oratorium zur Hl. Walburga.&nbsp;<strong>(2004)&nbsp;<\/strong><\/em>Musik: Hans Kraus-H\u00fcbner; Urauff\u00fchrung im Rahmen d. fr\u00e4nkischen Sommers am 13. September 2002 im M\u00fcnster Heidenheim.&nbsp;<\/address><address>&nbsp;<\/address><address>4. &#8222;<b>Lichtgedichte&#8220; (2022) Auff\u00fchrung<\/b><b>&nbsp;April 2022 in der Klosterkirche &nbsp;Auhausen&nbsp;<\/b><\/address><\/address><\/address><address>(Link wird erg\u00e4nzt)<\/address><address>&nbsp;<\/address><\/address>\n\n\n<p><\/p>\n","protected":false},"excerpt":{"rendered":"<p>&nbsp; &nbsp; &nbsp; 1. Funkerz\u00e4hlungen: &nbsp; \u201dDer Ri\u00df\u201d. (Bay. Rundf.) Literatur am Dienstagabend 30\u2032, \u201cDas Dorf\u201d &#8211; Ort urspr\u00fcnglicher Heimat, (BR) (SR) 55&#8242; \u201cDer Waffenh\u00e4ndler\u201d (SR) (mit Interview durch Arnfrid Astl). &#8222;Aber so kommen Sie doch mit hinunter zum Fluss!&#8220; &hellip; <a href=\"https:\/\/www.reinhard-knodt.de\/?page_id=729\">Weiterlesen <span class=\"meta-nav\">&rarr;<\/span><\/a><\/p>\n","protected":false},"author":1,"featured_media":0,"parent":0,"menu_order":0,"comment_status":"closed","ping_status":"closed","template":"","meta":{"ngg_post_thumbnail":0,"footnotes":""},"class_list":["post-729","page","type-page","status-publish","hentry"],"_links":{"self":[{"href":"https:\/\/www.reinhard-knodt.de\/index.php?rest_route=\/wp\/v2\/pages\/729","targetHints":{"allow":["GET"]}}],"collection":[{"href":"https:\/\/www.reinhard-knodt.de\/index.php?rest_route=\/wp\/v2\/pages"}],"about":[{"href":"https:\/\/www.reinhard-knodt.de\/index.php?rest_route=\/wp\/v2\/types\/page"}],"author":[{"embeddable":true,"href":"https:\/\/www.reinhard-knodt.de\/index.php?rest_route=\/wp\/v2\/users\/1"}],"replies":[{"embeddable":true,"href":"https:\/\/www.reinhard-knodt.de\/index.php?rest_route=%2Fwp%2Fv2%2Fcomments&post=729"}],"version-history":[{"count":37,"href":"https:\/\/www.reinhard-knodt.de\/index.php?rest_route=\/wp\/v2\/pages\/729\/revisions"}],"predecessor-version":[{"id":1586,"href":"https:\/\/www.reinhard-knodt.de\/index.php?rest_route=\/wp\/v2\/pages\/729\/revisions\/1586"}],"wp:attachment":[{"href":"https:\/\/www.reinhard-knodt.de\/index.php?rest_route=%2Fwp%2Fv2%2Fmedia&parent=729"}],"curies":[{"name":"wp","href":"https:\/\/api.w.org\/{rel}","templated":true}]}}