{"id":726,"date":"2014-10-04T22:43:51","date_gmt":"2014-10-04T20:43:51","guid":{"rendered":"http:\/\/www.reinhard-knodt.de\/?page_id=726"},"modified":"2022-07-19T19:14:15","modified_gmt":"2022-07-19T17:14:15","slug":"rundfunkarbeiten","status":"publish","type":"page","link":"https:\/\/www.reinhard-knodt.de\/?page_id=726","title":{"rendered":"Rundfunkarbeiten (Auswahl 1991 &#8211; 2014)"},"content":{"rendered":"\n<p><\/p>\n\n\n\n<p><strong>Podien:<\/strong><\/p>\n\n\n\n<p><em><strong>Die Bamberger Hegelwochen&nbsp;1995- 2005&nbsp;<\/strong>(Philosophische Reihe mit jeweils 90 Minuten Dauer. Podiumsmoderation, Aufnahmeleitung, Featureproduktion mit Interviews und Gespr\u00e4chen: Gespr\u00e4chspartner: H. G. Gadamer, J\u00fcrgen Habermas, Wolfgang Schn\u00e4delbach, &nbsp;Roland S. Sch\u00e4fer, &nbsp;Richard Rorty, Robert Spaemann, Hans Lenk, Bischof Dr. W. Huber, Dieter D\u00f6rner, Sir Peter Torry, Jacques Santer, Olaf Schwencke, Wolfgang Zimmerli u.v.a. Themen: \u201cGl\u00fcck\u201d, \u201cDas Elend des Wertkonservatismus\u201d, \u201cDie Zukunft der Wirtschaftsgesellschaft\u201d, die Zukunft Europas. (Alle in Bay. 2 Wort. 90 Minuten, sp\u00e4ter 60\u2019)<\/em><\/p>\n\n\n\n<p><\/p>\n\n\n\n<p><em><strong>Die N\u00fcrnberger Autorengespr\u00e4che 1995- 2005&nbsp;<\/strong>(Literarische Reihe mit jeweils 90 Minuten Dauer. Podiumsmoderation, Aufnahmeleitung, Featureproduktion mit Interviews und Gespr\u00e4chen: Gespr\u00e4chspartner: H. C. Buch, F.C.Delius, Reza Hajatpour, Marko Martin, G. Wollschl\u00e4ger, Michael Zeller, Gerhard Wagner, Julia Lehner,  (Alle in Bay. 2 Wort. 90 Minuten, sp\u00e4ter 60\u2019)<\/em><\/p>\n\n\n\n<p><\/p>\n\n\n\n<p><\/p>\n\n\n\n<p><strong>Einzelsendungen,<\/strong> (H\u00f6rspiele, Features, Funkessays)<\/p>\n\n\n<address><strong>\u201cZukunft, Werte und Visionen\u201d \u2013 &nbsp;(Gespr\u00e4che \u00fcber Werte mit alternativen Industriellen, Philosophen, Zukunftsforschern und Barbara Zehnpfennig) &#8211; Ein Gespr\u00e4chs-Feature f\u00fcr den Bayerischen Rundfunk (56. 30) 22. 6. 2014<\/strong><\/address><address>&nbsp;<\/address><address><strong>\u201cPhilosophie light\u201d \u2013 \u00fcber philosophische Salons in- und au\u00dferhalb der Universit\u00e4ten. &nbsp;(Einschl. Gespr\u00e4chen \u00fcber Wert und Eigenart des Philosophiebetriebes in Deutschland,)&nbsp;<\/strong><\/address><address>Erstsendung, Bayerischer Rundf 2. Programm am &nbsp;20. 10. 2013.&nbsp;<\/address><address>&nbsp;<\/address><address><strong>\u201cZEN in Bayern\u201d \u2013 Reinhard&nbsp;<strong>Knodt<\/strong>&nbsp;meditiert auf tausend Meter H\u00f6he im buddhistischen Waldkloster Metta Vihara.&nbsp;<\/strong>Eine Pilgerreise durch buddhistische Kl\u00f6ster des ZEN, des Therravadha-Buddhismus, des tibetanischen Buddhismus und einer Zen &#8211; Einrichtung; &nbsp;Ursendung &nbsp;2. Juni 2011 Bay.2, (59 Minuten) Wiederholung 26. Dez. 2014<\/address><address>&nbsp;<\/address><address><strong style=\"line-height: 14.3999996185303px;\">Die unheimliche Sehnsucht des Dr. Carl Peters &#8211; &nbsp;zum Post-Colonialen Denken<\/strong><span style=\"line-height: 14.3999996185303px;\">; Deutschlandradio Berlin, Sept. 1995 \/ WH&nbsp;<\/span><strong style=\"line-height: 14.3999996185303px;\">2006<\/strong><span style=\"line-height: 14.3999996185303px;\">&nbsp;&nbsp;(55\u2032).<\/span><\/address><address>&nbsp;<\/address><address><strong>Speer und wir \u2013 von der \u00c4sthetik der Zerst\u00f6rung \u2013&nbsp;Eine Dokumentation zu Albert Speer aus Anlass des 100. Geburtstags;&nbsp;Sendung:&nbsp; Bay. 2 \/15. M\u00e4rz 2005&nbsp; 20.30 \u2013 21. 30 zusammen mit:&nbsp;Joachim Fest,&nbsp;Eckart Dietzfelbinger,&nbsp;Heinrich Schwendemann, Heinrich Breloer.<\/strong><\/address><address>&nbsp;<\/address><address><strong>Sprache ist Sein, das verstanden werden kann<\/strong>&nbsp;\u2013 (Gedenksendung zum Tode H.G. Gadamers). Hess. Rundfunk 2002; (mehrere Fassungen und Sendel\u00e4ngen).<\/address><address>&nbsp;<\/address><address><strong>Kino \u2013 Stadt der Sehnsucht (2000)<\/strong>&nbsp;\u2013 Vom Flaniersinn eines Mediums, philosophischer Radio-Essay&nbsp; Bayern 2 (54\u2032 Minuten).<\/address><address>&nbsp;<\/address><address><strong>Reisen als Lust<\/strong>, &#8211; Gespr\u00e4che im Orient-Express ( Bay. Rundf. 2. Progr. 1999, 55\u2018 &nbsp;1.Wiederholung: WDR 1999 ; 2.Wiederholung: &nbsp;Deutschlandradio Berlin 2003.<\/address><address>&nbsp;<\/address><address><strong>Reichsparteitag<\/strong>&nbsp;(H\u00f6rspiel BR 2001\/ zugl. <strong>Sprechst\u00fcck im Luftschutzbunker N\u00fcrnberg<\/strong>, Urauff. N\u00fcrnberg 16. Juni 2000 zum 900-Jahr Jubil\u00e4um der Stadt.<\/address><address>\n<div>&nbsp;<\/div>\n<div><strong>Natur als Kunst \u2013 zur Idee des Landschaftsparks; &nbsp; <\/strong>Ausgabebezeichnung der Bayerischen Landesbibliothek: Reinhard Knodt; Ms. zur Sondersendung des Bayerischen Rundfunks, Studio Franken, vom 29. Dezember 1999 (31. Seiten) \/\/<strong>Dokumenttyp:<\/strong>&nbsp;Monographie BV012977239 <strong>&nbsp;<\/strong><a href=\"http:\/\/gateway-bayern.de\/BV012977239\" target=\"_blank\" rel=\"noopener\">http:\/\/gateway-<wbr>bayern.de\/BV012977239<\/a><\/div>\n<div>&nbsp;<\/div>\n<div><strong>Johann Babtist Schad &#8211;&nbsp;Eine ukrainisch-deutsche Bildungsgeschichte<\/strong>, Bayerischer Rundfunk 2. Programm 1996, (55\u2032).<\/div>\n<div>&nbsp;<\/div>\n<div><strong>Die Mall \u2013 Zur \u00c4sthetik k\u00fcnstlicher Paradiese,<\/strong>&nbsp;(Rundfunkessay) NDR u. WDR 1994, &nbsp;(30\u2032 u. 15\u2032) Kritisches Tagebuch. (Sp\u00e4ter publiziert bei Rohwohlt \/Hg. v. Andreas Wang).<\/div>\n<\/address><address>&nbsp;<\/address><address><strong>Bew\u00e4ltigungen<\/strong>&nbsp;&#8211; Eine Collage (Vergleich eines Briefwechsels von Wolfgang Hildesheimer mit seinen Eltern mit dem Briefwechsel eines jungen SS-Mannes zur gleichen Zeit in den Jahren &nbsp;1945\/46) Deutschlandradio Berlin 1996 (60\u2032), Koproduktion WDR und ORF).<\/address><address>&nbsp;<\/address><address>\u201c<strong>Cartesisches Essen\u201d<\/strong>&nbsp; oder:&nbsp;<strong>Abendl\u00e4ndische Essenskultur<\/strong>) NDR, Gedanken zur Zeit 1995, (15\u2032) (Redaktion und Hrsg. Andreas Wang)<\/address><address>&nbsp;<\/address><address>\u201d<strong>Und setze meinen Stolz darein, nichts zu sein\u2026<\/strong>\u201d &nbsp; (H\u00f6rspiel \u00fcber Ludwig Feuerbach). Bay. 2. 1991, WH Deutschlandradio 2002 (55\u2032);<\/address><address>&nbsp;<\/address><address>&nbsp;<\/address><address><strong>Der Gong&nbsp;<\/strong>&nbsp;\u2013 (experimentelle Arbeit mit hohen Ger\u00e4uschanforderungen f\u00fcr die digitale Rundfunkschule in N\u00fcrnberg, 30\u2032 o. J).<\/address><address>&nbsp;<\/address><address><strong>Die Welt ist eine Frage des Geschmacks \u2013 \u00fcber Kakaubohnen<\/strong>\u201c (Experimentelles St\u00fcck zur Verwandlung der Welt in das Bild, das wir von ihr haben &nbsp;Bayerischer Rundfunk Stud. Franken (1993, 30\u2032).<\/address><address>&nbsp;<\/address><address>\u201d<strong>Bedenklichkeiten<\/strong>\u201d \u2013 Meditationen zu den Psalmen 22 und 100 (mit Musik v. Brahms, Reger und Mauersperger, (BR.I, 30 Minuten)<\/address><address>&nbsp;<\/address><address><strong>Die Reise nach Jerusalem&nbsp;<\/strong>\u2013 (\u00dcber Kreuzfahrer und Kreuzfahrten) 1994, 55\u2032);<\/address><address>&nbsp;<\/address><address><strong>Leben und L\u00fcgen der Claire Goll<\/strong>; Bay. Rundf. 2 Progr. 1997 (55\u2018).<\/address><address>\n<div>&nbsp;<\/div>\n<div>&nbsp;<b>In einem Occupations-Land zu leben\u2026\u201d<\/b> Wolfgang Hildesheimer als Dolmetscher bei den N\u00fcrnberger Prozessen, &nbsp;Bayerischer Rundfunk; 1996 (Bayerische Staatsbibliothek) Ms. zur Sendung des Bayerischen Rundfunks, Studio Franken, Vom Main zur Donau, vom 29. September 1996 &nbsp;<strong>Dokumenttyp:<\/strong>&nbsp;Monographie &nbsp;<strong>Notation:<\/strong>&nbsp;ybby&nbsp;; 355000*by*mf &nbsp;<strong>Katalogschl\u00fcssel:<\/strong>&nbsp;BV011420081; &nbsp;<strong>Sprache:&nbsp;<\/strong>Deutsch,&nbsp;<strong>Schlagw\u00f6rter:&nbsp;<\/strong>Hildesheimer, Wolfgang;&nbsp;N\u00fcrnberger Prozesse&nbsp;;&nbsp;Feature&nbsp;;&nbsp;H\u00f6rfunk &nbsp;<strong>Permalink:&nbsp;<\/strong><a href=\"http:\/\/gateway-bayern.de\/BV011420081\" target=\"_blank\" rel=\"noopener\">http:\/\/gateway-<wbr>bayern.de\/BV011420081<\/a><\/div>\n<\/address><address>&nbsp;<\/address><address><strong>Das&nbsp;Dorf, Ort urspr\u00fcnglicher Heimat <\/strong>(BR II, 60\u2019);<\/address><address>&nbsp;<\/address><address><strong>Im Wasser ist Heil<\/strong>&nbsp;\u2013 (Symbole und Ikonen der Wellness, 55\u2019) &nbsp;BR II &nbsp;Feature \/Zeit f\u00fcr Bayern&nbsp;<\/address><address>&nbsp;<\/address><address>wird erg\u00e4nzt<\/address>","protected":false},"excerpt":{"rendered":"<p>Podien: Die Bamberger Hegelwochen&nbsp;1995- 2005&nbsp;(Philosophische Reihe mit jeweils 90 Minuten Dauer. Podiumsmoderation, Aufnahmeleitung, Featureproduktion mit Interviews und Gespr\u00e4chen: Gespr\u00e4chspartner: H. G. Gadamer, J\u00fcrgen Habermas, Wolfgang Schn\u00e4delbach, &nbsp;Roland S. Sch\u00e4fer, &nbsp;Richard Rorty, Robert Spaemann, Hans Lenk, Bischof Dr. W. Huber, Dieter &hellip; <a href=\"https:\/\/www.reinhard-knodt.de\/?page_id=726\">Weiterlesen <span class=\"meta-nav\">&rarr;<\/span><\/a><\/p>\n","protected":false},"author":1,"featured_media":0,"parent":193,"menu_order":2,"comment_status":"closed","ping_status":"closed","template":"","meta":{"ngg_post_thumbnail":0,"footnotes":""},"class_list":["post-726","page","type-page","status-publish","hentry"],"_links":{"self":[{"href":"https:\/\/www.reinhard-knodt.de\/index.php?rest_route=\/wp\/v2\/pages\/726","targetHints":{"allow":["GET"]}}],"collection":[{"href":"https:\/\/www.reinhard-knodt.de\/index.php?rest_route=\/wp\/v2\/pages"}],"about":[{"href":"https:\/\/www.reinhard-knodt.de\/index.php?rest_route=\/wp\/v2\/types\/page"}],"author":[{"embeddable":true,"href":"https:\/\/www.reinhard-knodt.de\/index.php?rest_route=\/wp\/v2\/users\/1"}],"replies":[{"embeddable":true,"href":"https:\/\/www.reinhard-knodt.de\/index.php?rest_route=%2Fwp%2Fv2%2Fcomments&post=726"}],"version-history":[{"count":12,"href":"https:\/\/www.reinhard-knodt.de\/index.php?rest_route=\/wp\/v2\/pages\/726\/revisions"}],"predecessor-version":[{"id":1583,"href":"https:\/\/www.reinhard-knodt.de\/index.php?rest_route=\/wp\/v2\/pages\/726\/revisions\/1583"}],"up":[{"embeddable":true,"href":"https:\/\/www.reinhard-knodt.de\/index.php?rest_route=\/wp\/v2\/pages\/193"}],"wp:attachment":[{"href":"https:\/\/www.reinhard-knodt.de\/index.php?rest_route=%2Fwp%2Fv2%2Fmedia&parent=726"}],"curies":[{"name":"wp","href":"https:\/\/api.w.org\/{rel}","templated":true}]}}