{"id":721,"date":"2014-10-04T21:55:32","date_gmt":"2014-10-04T19:55:32","guid":{"rendered":"http:\/\/www.reinhard-knodt.de\/?page_id=721"},"modified":"2022-09-11T21:38:26","modified_gmt":"2022-09-11T19:38:26","slug":"vortraege","status":"publish","type":"page","link":"https:\/\/www.reinhard-knodt.de\/?page_id=721","title":{"rendered":"Vortr\u00e4ge (Auswahl)"},"content":{"rendered":"<h3>&nbsp;<\/h3>\n<p><strong>Nulli concedo \u2013 homo per se<\/strong> &#8211;<strong>&nbsp; Korrespondenz als Miteinander in Frieden und Krieg<\/strong> &#8222;Er\u00f6ffnungrede des Jahreskongresses der West\u00f6stlichen Akademie f\u00fcr interkulturellen Dialog, Hannover-Langenhagen vom&nbsp; 26. &#8211; 28. August 2022. (www.Westostakademie.de)<\/p>\n<p><strong>Philosophenwege in Ebersberg<\/strong> &#8211; F\u00fcr . s. E. Peter Kees, Botschafter von Arkadien und die Gemeinde Ebersberg mit dem Vorschlag einen Philosophenweg in Ebersberg zu errichten. Publ. in: &nbsp; Wo bitte gehts&#8217;s nach Arkadien? &#8211; Arkadien-Festival 7. Mai &#8211; 18 Juli 2021 Kunstverein Ebersberg Berlin ISBN 978940863-53-9 2021. S. 114 &#8211; 119.<\/p>\n<h3><strong>Die Verdunkelung des Giorgio Agamben. &#8211;&nbsp;Eine&nbsp;nachgetragene Antwort. (<\/strong>Schlagabtausch mit Giorgio Agamben aufgrund eines Artikels in der NZZ v. 7.4. 2020. &nbsp;\/\/Publ in: E. A. Wachendorff (Hrsg.) Philosophieren mit Nietzsche in Zeiten der Pandemie, Sonderband 3 des Nietzsche-Formums M\u00fcnchen e.V. ISBN 978-3-9823949-0-9. S.209 &#8211; 219.<\/h3>\n<h3><strong>\u00dcber Prophetie und Kunst In: <\/strong>Aktionsraum 2 OPEN SPACE zum gesellschaftlichen Wandel. 25. Sept. &#8211; 4 Oktober <strong>2020<\/strong> Kunstverein Ebersberg Hg. v. Peter Kees in: A2 Arkadien-Vermag Berlin &nbsp; ISBN 9783940863478.<\/h3>\n<h3><strong>Dazu: Artistul ca profet<\/strong> (\u00dcbersetzung ins Rum\u00e4nische v. T\u00fcnde Lassel) in TRIBUNA Nr. 444 Fr\u00fchjahr 1921 ISSN 12238546 S.13.ff.<\/h3>\n<h3><strong>Von der Macht der Atmosph\u00e4ren<\/strong>. In: Barbara Wolf, Christian Julmi &nbsp;&#8211; Die Macht der Atmosph\u00e4ren, Aber, Freiburg\/M\u00fcnchen 2020 Bd. 31 der Reihe der neuen Gesellschaft f\u00fcr Ph\u00e4nomenologie (Walter Burger, Michael Gro\u00dfheim, J\u00fcrgen Hasse, Hilge Landweer) S. 187 &#8211; 201. &nbsp;ISBN 978349549162-1.<\/h3>\n<h3><strong>Schopenhauers Buddhismus und die Anf\u00e4nge der Lebensphilosophie in Deutschland<\/strong> &#8211; Vortrag auf Einl. des Nietszche-Forums M\u00fcnchen, Seidel-Villa am 29. Febr. 2016. &nbsp;Pub i.V.<\/h3>\n<h3><strong>Kafka und das Tao &nbsp;(2015)<\/strong> &#8211; (deutsch\/tschechisch) &nbsp;Vortrag im Saal der Prager Kafkagesellschaft, Prag, Sept. 2015 (2015) \u00dcberlegungen zum Schreiben als \u00dcbung in asiatischer Sich und die publizistischen Konsequenzen f\u00fcr Kafka.\/Wh. d. Vortrags Konfuzius-Institut N\u00fcrnberg. 2016<\/h3>\n<h3><strong>Allein kann man nicht frei sein<\/strong> &#8211; &nbsp;(Die Anf\u00e4nge eines politischen Fundamentes f\u00fcr den Freiheitsbegriff ruhen in der romantischen Explikation der &nbsp;Versammlungsfreiheit und der Erlaubnis der gemeinsamen Zweckverfolgung als Menschenrecht. Rede vor Freimaurern in Berlin 21. Juni 2015. Und in M\u00fcnchen. &nbsp;Verschiedene Fassungen und Wiederholungen. Titelkunstwerk &nbsp;auf Berliner Stele: &#8222;Allein kann man nicht frei sein&#8220; Wolfgang Nieblich, &nbsp;&#8222;Auf Beton,&#8220; Berlin &nbsp;2015. &nbsp;<\/h3>\n<h3><strong>Dazu:<\/strong> \u00dcbersetzung ins Rum\u00e4nische: <strong>T\u00fcnde L<\/strong><span style=\"color: #000000;\"><span style=\"color: #000000;\"><span style=\"caret-color: #000000;\"><b>assel. (<strong>Singur nu poti fi liber<\/strong> &#8211; <\/b>in:&nbsp;<\/span><\/span><\/span><strong>TRIBUNA<\/strong> &nbsp;Nr. 451. &nbsp;Bukarest, Juni 2021 ( S. 15) &nbsp; ISSN 12238546.&nbsp;<\/h3>\n<h3><strong>Korrespondenz und Kommunikation<\/strong> &#8211; zum Korespondenzdenken in der Politik &nbsp;&#8211;&nbsp;Ein Baustein zu einer egalit\u00e4ren Form im Miteinander der Kulturen. Vortrag Feuerbachgesellschaft N\u00fcrnberg &nbsp;14. 1. 2015<\/h3>\n<h3><strong>*Korrespondenz und Atmosph\u00e4re (2014) <\/strong>Nachgetragenes Pl\u00e4doyer f\u00fcr eine Philosophie der Korrespondenzen.<strong>&nbsp;<\/strong>Eva Koethen , &nbsp;Begegnung \u2013 Zwischen Kunst, Philosophie und Wissenschaft, Hamburg 2014 ISBN 978 3 830080497<strong> &nbsp; <\/strong>Urspr\u00fcnglich:&nbsp;*Korrespondenz und Atmosph\u00e4re &#8211; &#8222;Drei Schnackenhofer Vortr\u00e4ge&#8220; Herausgegeben. v. Gustav Campe, Goettingen 2013.&nbsp;<\/h3>\n<h3><strong>Bauen, Denken Weiterbauen? &nbsp;<\/strong>&#8211; Mystifikation und Bauwahn angesichts der Hitlertrib\u00fcne auf dem ehemaligen Reichsparteitagsgel\u00e4nde der Stadt N\u00fcrnberg. (Vortr. auf Einladung des Vereins BAULUST &nbsp;8. 2. 2014 zum Vorhaben der Stadt N\u00fcrnberg, die Hitlertrib\u00fcne zu sanieren. Vortragsort Dokumentationszentrum Reichsparteitagsgel\u00e4nde. (Vgl. Bericht N\u00fcrnberger Nachrichten v. 11.2.2014). Publiziert in: (wird erg\u00e4nzt)<\/h3>\n<h3><strong>*Der heilige Geist, Pfingsten und die zeitgen\u00f6ssische Kunst<\/strong> &#8211; eigenartige Gemeinsamkeiten aus philosophischer Sicht. (23. Mai 2015\/ Schnackenhof, (Rede, unver\u00f6ffentlicht)<\/h3>\n<h3><strong>*Paradies und Gartenutopie (2012) &nbsp;\u2013&nbsp;<\/strong>Betrachtungen zum Garten zwischen religi\u00f6ser und politischer Utopie. (Universit\u00e4tsvortrag, Hegelforum der Universit\u00e4t Bamberg 6. Nov. 2012).&nbsp;<\/h3>\n<address>&nbsp;<\/address>\n<h3><strong>*Achtsamkeit&nbsp; (2012) &#8211;<\/strong>&nbsp; Die Achtsamkeit im Sinne der Sati Pathana Sutta als geheime Grundvoraussetzung der Aisthesis-Theorie seit Schopenhauer. Einf\u00fchrungsvortrag zu den 1. Philosophietagen des Schnackenhofs 24. \u2013 27. August 2012.&nbsp;<\/h3>\n<h3><strong>*Der Primat des \u00c4sthetischen<\/strong>&nbsp;<strong>(2011)<\/strong> \u2013&nbsp; Nietzsche in sp\u00e4ter Anwendung auf Ph\u00e4nomene&nbsp;des Bauens, Lebens und Arbeitens in unserer Zeit. M\u00fcnchen,&nbsp; Seidlvilla, 11. Nov. 2011. (Einlad. d. Nietzscheforums M\u00fcnchen; CD des Nietzscheforums M\u00fcnchen: nur als CD 111128 CD1 v. 28. 11. 2011.<\/h3>\n<h3><strong>*Nietzsche und die Politik (2010)<\/strong>.&nbsp;Gastvorlesung M\u00fcnchen, LMU 11. Januar 2010 (70 Minuten) Publiziert &nbsp;bei Nomos, Hrsg. Hans Martin Schoenherr-Mann, vgl. Aufs\u00e4tze: &#8222;Nietzsches gro\u00dfe Politik&#8220;.&nbsp;<\/h3>\n<h3><strong>*Der \u201esch\u00f6ne\u201c Raum (2007) \u2013&nbsp;<\/strong>\u00dcberlegungen zum Verh\u00e4ltnis von technischen und \u00e4sthetischen Rauminterpretationen anhand von Landschaft und Garten als Wohnraum. \u2013 A. (Vortrag vor den \u201cFreunden der Gartenanlagen Triesdorfs e.V\u201d (30. 3. 07) Sp\u00e4tere Erweiterung als Seminar an der Universit\u00e4t d. K\u00fcnste Berlin: \u201eDer sch\u00f6ne Raum \u2013 der heilige Raum. 2008<\/h3>\n<h3><strong>*Shalimar und Taj Mahal (2007)<\/strong>&nbsp; \u2013 Vom \u201eGarten Indien\u201c bis zu den \u201eindischen G\u00e4rten\u201c \u2013&nbsp;Salonvortrag Dez. 2007, N\u00fcrnberg.&nbsp;Inhalt: Die uns bekannten indischen G\u00e4rten sind Weiterentwicklungen und islamische&nbsp; Umgestaltungen der Harapa-Kultur. Hinweise auf Marie Luise Gotheins&nbsp; Gartenforschungen, Kalidasa, Mahabarata und Ramayana. Unpubliziert.<\/h3>\n<h3><strong>*Petrarca und die Entfaltung des literarischen Bewusstseins. (2007)&nbsp;<\/strong>Dankesrede f\u00fcr den Literaturpreis der Bay. Akademie.<strong>&nbsp;<\/strong>(Dante und Florenz. Petrarca und &nbsp;die &nbsp;Erfindung des \u00e4sthetischen Humanismus. Die Hommes de Lettres und der Kult des Wortes.&nbsp; (Stadttheater Hof, 2007).&nbsp;<\/h3>\n<h3><strong>*Landschaft auf Kunstrasen (2006)&nbsp;<\/strong>N\u00fcrnberg am 8. Dezember 2006 f\u00fcr die Deutsche Gesellschaft f\u00fcr Garten- und Landschaftsbau Nordbayern. Mehrfach (unpubliziert)<\/h3>\n<h3><strong style=\"line-height: 14.3999996185303px;\">*\u00c4sthetik und Gesch\u00e4ft (2004) Vortrag f\u00fcr das SchmidtColleg&nbsp;<\/strong><span style=\"line-height: 14.3999996185303px;\">Bayreuth, 22. Sept. 2004)&nbsp;<\/span><em style=\"line-height: 14.3999996185303px;\">Inhalt<\/em><span style=\"line-height: 14.3999996185303px;\">: Der \u201eAtem der Dinge\u201c Atmosph\u00e4re und Performance? Marke und Atmosph\u00e4re. Atmosph\u00e4re und Handlung. Wirtschaftliche, soziale und politische Aspekte des Atmosph\u00e4rischen. (unpubliziert)<\/span><\/h3>\n<h3><strong>*Der Garten des Augustinus (2002) &nbsp;\u2013&nbsp;<\/strong>Vortrag auf Einladung der Kirchengemeinde St. Otto Schwarzenbruck, 11. Okt. 2002. <strong>Inhalt<\/strong>: Platonismus, Plotinismus. Reicher Himmel, &nbsp;waste land und kalte H\u00f6lle. Der Mensch als G\u00e4rtner. Licht und Schatten. \u201eAckersmann\u201c und \u201eG\u00e4rtnerin\u201c: Das strukturelle Prinzip idyllisch-\u00e4sthetischer Vollendung.<\/h3>\n<h3><strong style=\"line-height: 14.3999996185303px;\">*Vom Gehen in den G\u00e4rten (2001). &nbsp;<\/strong><span style=\"line-height: 14.3999996185303px;\">Vortrag, 10. April 2001 auf Einladung des Pegnesischen Blumenordens im Caritas-Pirckheimer Haus N\u00fcrnberg. &nbsp;(Inhalte: Gartensehnsucht und Nostalgie. (unver\u00f6ff.)<\/span><\/h3>\n<h3><span style=\"line-height: 14.3999996185303px;\"><strong>*Nietzsches Alpensehen&nbsp; oder:&nbsp; Surlei und die Folgen<\/strong>&nbsp; (Freiburg, Heidegger-Tagung, 24. Mai 2001 (30 Minuten) Sp\u00e4ter als WDR- Rundfunksendung. Vgl. Liste der Funk-Publikationen.<\/span><\/h3>\n<h3><strong>*Good Food, Good Life? \u2013&nbsp; Unternehmerethos und Zukunft<\/strong>&nbsp; \u2013&nbsp;Abendvortrag vor der Managementgruppe S\u00fcdzucker \/Nestle,&nbsp;Rottach-Egern, Hotel a. See 8. Nov. 2002. &nbsp;(unver\u00f6ff.)<\/h3>\n<h3><strong>&nbsp;*<\/strong><strong>Goethe, Gustav Freytag und die Schulden (2008) \u2013&nbsp;<\/strong>Literarisch \u00f6konomischer Vortrag f\u00fcr die Jahresklausurtagung von Verdi Mittelfranken 2008 zum Thema Schuld und Verschuldung im Denken der b\u00fcrgerlichen Eliten des 19. Jh. (unver\u00f6ff.)<\/h3>\n<h3><strong>*Philosophie als Beruf<\/strong>&nbsp;? \u2013 Vermutungen angesichts eines schlecht definierten Standes (Bamberg 14. 4. 2008)&nbsp;<\/h3>\n<h3><strong>&nbsp;*<\/strong><strong>Dante und Petrarca <\/strong>oder die Erfindung des europ\u00e4ischen Humanismus&nbsp; (14. Okt. 2006 Klosterforum Heidenheim)&nbsp;<em>Inhalt:&nbsp;<\/em>Calvinos Unterredung mit Marco Polo &nbsp;Dante und Augustinus. Der christliche und der \u201ehumanistische\u201c Aspekt des Dualistischen Denkens. Papstasyl und Politik. Was ist Petrarcismus? &nbsp;Petrarca als Kopist Dantes? &#8211; Die g\u00f6ttliche Beatrice und die weltliche Laura. Natur als Vermittlung von Gut und B\u00f6se, Himmel und H\u00f6lle. R\u00fcckschau zu Augustinus \u2013 Nochmals Calvino. (unver\u00f6ffentlicht)<\/h3>\n<h3><strong>&nbsp;*<\/strong><strong>Kunst &#8211; Ruhm, Geld &nbsp;oder: Wie wird man ber\u00fchmt? (2007)&nbsp;<\/strong>Vortrag an der Universit\u00e4t d. K\u00fcnste Berlin SS 2007 zum Semesterabschluss der Examensabsolventen.&nbsp;<strong>Inhalt:<\/strong>&nbsp;Der Kommunikationsbegriff der Kunst, der emphatische Begriff der Kunst, der romantische Begriff der Kunst. \u2013 Ironisches und Ernstes zu Erfolg, Bekanntheit, Ruhm und Nimbus.&nbsp;<\/h3>\n<h3><strong>*<\/strong><strong>Mozart, Don Giovanni &nbsp;und der Genius \u2013<\/strong>&nbsp;eine Reflexion zum Festkonzert der Mozartgesellschaft Bamberg im gro\u00dfen Rathaussaal; N\u00fcrnberg am 29. Jan. 2006 im gro\u00dfen Saal des historischen Rathauses N\u00fcrnberg.&nbsp;<\/h3>\n<h3><strong>*<\/strong><strong>S\u00fcdseetr\u00e4ume (2006)&nbsp;<\/strong>&nbsp;&#8211;&nbsp; Warum wir von der S\u00fcdsee tr\u00e4umen; Gaugin; Koloniales Denken; Paradiese.&nbsp;<em>Salonvortrag f\u00fcr &nbsp;Salon Teepe, N\u00fcrnberg&nbsp; 22. Jan 2006. Inhalt:<\/em><\/h3>\n<h3><strong>*\u00c4sthetische Kompetenz und Gesch\u00e4ft<\/strong> (Vortrag f. d. SchmidtColleg Bayreuth, auf den Collegtagen Sept. 2004. (Inhalt. Atmosph\u00e4re als Korrespondenz, was ist atmosph\u00e4rische Kompetenz? &nbsp;Was ist ein atmosph\u00e4rischer Bann? Atmosph\u00e4re und Gesch\u00e4ftshandeln.)<\/h3>\n<h3><strong>&nbsp;*<\/strong><strong>Der Tod des Lehrers ist sein letzter Wink (2002)<\/strong>&nbsp; \u2013 Zum Tode Hans Georg Gadamers&nbsp;(Hinweis: Das Material wurde erstmalig f\u00fcr einen Vortrag f\u00fcr die Merkurgesellschaft N\u00fcrnberg&nbsp; 24. M\u00e4rz&nbsp; 2002 \/\/ Mehrere Vortr\u00e4ge, auch mehrmals im Rundfunk. 60\u2032, 30\u2032 Minuten BRD\/NDR\/ WDR\/ Sendemanuskripte\/ zum 80, 90 und 100 Geburtstag, div.Vortragsmanuskripte zu Fragen der Hermeneutik.<\/h3>\n<h3><strong>&nbsp;*<\/strong><strong>Gibt es eine&nbsp; \u201c\u00e4sthetische\u201d Lebensf\u00fchrung? (2002)&nbsp;<\/strong>Inhalt: Reichen Prinzipien der \u00e4sthetischen Korrespondenz aus, eine&nbsp;Lebensf\u00fchrung als&nbsp; Form intuitiver Richtigkeit zu begr\u00fcnden? (Privatvortrag f. Elke Schloter, 8 August &nbsp;2002.<\/h3>\n<h3><strong>&nbsp;*<\/strong><strong>Mircea Eliade&nbsp;<\/strong>(Vortrag&nbsp; zum 100. Geburtstag der N\u00fcrnberger Stadtbibliothek 29. 2. 2007 &nbsp;(Bez\u00fcge zu Agamben, Roland Barthes und Rudolf Otto, unpubliziert).<\/h3>\n<address>&nbsp;<\/address>\n<h3><strong>*&nbsp;<\/strong><strong>Topos \u201eMall\u201c \u2013 Postmoderne \u00c4sthetik lokalisiert&nbsp;<\/strong>Impulsstatement f\u00fcr: \u201eZerfall oder Vernetzung? In Erwartung des 21. Jahrhunderts (Kongress 27. -28. 9. 1999. Stuttgart. Lehrst. F. Kommunikationswissenschaften; Prof. H. Glaser)<\/h3>\n<h3><strong>&nbsp;*<\/strong><strong>\u00c4sthetische Korrespondenz und Werkbund&nbsp;<\/strong>Rede zum.&nbsp; 90. Jahrestages des dt. Werkbundes&nbsp; (\u201cReden \u00fcber Gestaltung\u201d), Hannover 30. Okt. 1997, Bahlsen Museum Hannover. Inhalt: Sind die Tr\u00e4ume der Vermittler des Allt\u00e4glichen mit dem \u00c4sthetischen, wie des Arts and Crafts \u2013 Movement, des Bauhauses oder des Werkbundes heute &nbsp;erledigt? Sind sie zum Sieg gekommen oder war dieser Sieg am Ende nicht w\u00fcnschenswert?<\/h3>\n<h3><strong>*Vom Schweigen und Vergessen<\/strong>&nbsp;\u2013 Sprache angesichts von Natur bei Friedrich Nietzsche \/Vortrag Naumburg,&nbsp; 1998.&nbsp;<strong>Publiziert<\/strong> in: M. Riedel, (Hg.): 1999, Jedes Wort ist ein Vorurteil \u2013 Philologie und Philosophie in Nietzsches Denken, K\u00f6ln, Weimar Wien 1999.<\/h3>\n<p><strong>&nbsp;<\/strong><strong>\u201eNation\u201c und \u201egeistige Weltkultur\u201c \u2013 J. G. Fichtes \u201eBildung\u201c der Deutschen Nation&nbsp;<\/strong>(vor den Fakult\u00e4ten der Universit\u00e4t Charkiv am 9.9.1994 anl. einer&nbsp; Delegationsbegleitung. Charkiv 1994).<\/p>\n<p><strong>&nbsp;*<\/strong><strong>Nation, Sprache, Bildung: Kurzvortrag gleichen Inhalts<\/strong>&nbsp;im N\u00fcrnberg-Haus Charkiv am 16. Okt 1998, sowie in einer 30-Minutenfassung in einer Schulaula der deutschen Schule Nr. 98 Charkiv am gleichen Abend. Ue. Prof. Wladimir Abaschnik, Universit\u00e4t Charkiv. &nbsp;Kurzfassung in Ost-West (Zeitschrift.) Nr. 2, 1998.<\/p>\n<p><strong>*Von der \u201eZerst\u00f6rung der Vernunft\u201c und der Macht der Philosophie (<\/strong>Zum 100. Todesjahr Nietzsches. (Er\u00f6ffnungsvortrag zum Vorlesungsbeginn des BZ N\u00fcrnberg;) Sp\u00e4ter Vortrag WDR 1994.<\/p>\n<p><strong>*On Media (1990)<\/strong>&nbsp; New York, New School;&nbsp; Okt. 1990 \/ dt. Ue. \u201eMedien\u201c. ) \u00dcber &nbsp;den Einfluss von Suchmaschinen auf wissenschaftliche Thesenbildung. (Seminarvortrag f\u00fcr Wolfgang Schirmacher, NY). engl. dtsch.<\/p>\n","protected":false},"excerpt":{"rendered":"<p>&nbsp; Nulli concedo \u2013 homo per se &#8211;&nbsp; Korrespondenz als Miteinander in Frieden und Krieg &#8222;Er\u00f6ffnungrede des Jahreskongresses der West\u00f6stlichen Akademie f\u00fcr interkulturellen Dialog, Hannover-Langenhagen vom&nbsp; 26. &#8211; 28. August 2022. (www.Westostakademie.de) Philosophenwege in Ebersberg &#8211; F\u00fcr . s. E. &hellip; <a href=\"https:\/\/www.reinhard-knodt.de\/?page_id=721\">Weiterlesen <span class=\"meta-nav\">&rarr;<\/span><\/a><\/p>\n","protected":false},"author":1,"featured_media":0,"parent":193,"menu_order":1,"comment_status":"closed","ping_status":"closed","template":"","meta":{"ngg_post_thumbnail":0,"footnotes":""},"class_list":["post-721","page","type-page","status-publish","hentry"],"_links":{"self":[{"href":"https:\/\/www.reinhard-knodt.de\/index.php?rest_route=\/wp\/v2\/pages\/721","targetHints":{"allow":["GET"]}}],"collection":[{"href":"https:\/\/www.reinhard-knodt.de\/index.php?rest_route=\/wp\/v2\/pages"}],"about":[{"href":"https:\/\/www.reinhard-knodt.de\/index.php?rest_route=\/wp\/v2\/types\/page"}],"author":[{"embeddable":true,"href":"https:\/\/www.reinhard-knodt.de\/index.php?rest_route=\/wp\/v2\/users\/1"}],"replies":[{"embeddable":true,"href":"https:\/\/www.reinhard-knodt.de\/index.php?rest_route=%2Fwp%2Fv2%2Fcomments&post=721"}],"version-history":[{"count":42,"href":"https:\/\/www.reinhard-knodt.de\/index.php?rest_route=\/wp\/v2\/pages\/721\/revisions"}],"predecessor-version":[{"id":1633,"href":"https:\/\/www.reinhard-knodt.de\/index.php?rest_route=\/wp\/v2\/pages\/721\/revisions\/1633"}],"up":[{"embeddable":true,"href":"https:\/\/www.reinhard-knodt.de\/index.php?rest_route=\/wp\/v2\/pages\/193"}],"wp:attachment":[{"href":"https:\/\/www.reinhard-knodt.de\/index.php?rest_route=%2Fwp%2Fv2%2Fmedia&parent=721"}],"curies":[{"name":"wp","href":"https:\/\/api.w.org\/{rel}","templated":true}]}}