{"id":6,"date":"2011-09-26T19:31:41","date_gmt":"2011-09-26T19:31:41","guid":{"rendered":"http:\/\/www.stein-it-consult.de\/WP-Reinhard-Knodt\/?page_id=6"},"modified":"2022-10-26T13:38:38","modified_gmt":"2022-10-26T11:38:38","slug":"pressestimmen","status":"publish","type":"page","link":"https:\/\/www.reinhard-knodt.de\/?page_id=6","title":{"rendered":"Stimmen"},"content":{"rendered":"\n<p><strong>Reinhard Margreiter: (2022)<\/strong><\/p>\n\n\n\n<p>&#8222;Reinhard Knodt.. ist einer der originellsten deutschen Gegenwartsdenker..ein Grenzg\u00e4nger, der nur mit einem Fu\u00df im Diskurs der akademischen Philosophie steht. Mit dem anderen Fu\u00df steht er im Bereich einer unabh\u00e4ngigen selbstst\u00e4ndigen und eigenwilligen Denkweise, der es schlichtweg um Weisheit geht&#8230;&#8220;(R.M. Wohnen im Zeitalter der Mobilit\u00e4t &#8211; ein Essay 2022 S. 151-160)<\/p>\n\n\n\n<p><span style=\"color: #222222;\"><span style=\"font-family: arial, sans-serif;\"><span style=\"font-size: medium;\"><strong>Thomas Macho: (2019)<\/strong><\/span><\/span><\/span><\/p>\n\n\n\n<p><span style=\"color: #222222;\"><span style=\"font-family: arial, sans-serif;\"><span style=\"font-size: medium;\">&#8222;Knodts Denken in Korrespondenzen und Wechselwirkungen ist heute &#8211; zu Beginn des digitalen Zeitalters &#8211; viel attraktiver, aktueller und vielleicht sogar utopischer als die best\u00e4ndige Suche nach Differenzen, Grenzen und Identit\u00e4ten. Statt &#8222;Draw a distinction&#8220; (Spencer-Brown) m\u00fcsste es heissen: Draw a connection!&#8220; <\/span><\/span><\/span><\/p>\n\n\n\n<p><strong><span style=\"font-size: medium;\">Alexander Mavridis: (2019)<\/span><\/strong><\/p>\n\n\n\n<p>Der Korrespondenz-Ansatz ist bahnbrechend. Im Anfang war nicht das Wort, sondern die Atmosph\u00e4re..&#8220;<\/p>\n\n\n\n<p><strong>Harald Seubert<\/strong> (zu: &#8222;Der Atemkreis der Dinge&#8220; 2017\/2019) im Jahrbuch f. Philosophie.<\/p>\n\n\n\n<p>&#8222;Bestechend ist nicht zuletzt die schier buddhistisch anmutende Gelassenheit gegen\u00fcber sozialen und technischen Entwicklungen: Einem von Heideggerschen Motiven zehrenden kulturpessimistischen technikkritischen Ansatz misstraut Knodt durchgehend. Dies wird in seiner Auseinandersetzung mit Byung&nbsp;Chul Han deutlich. Auch virtuelle R\u00e4ume und das Smartphone k\u00f6nnen Korrespondenzen erm\u00f6glichen, denen nicht von vorneherein der Makel des \u201aUnechten\u2018 beigelegt werden sollte. So f\u00fcrchtet Knodt auch nicht Reduzierung auf blosse Schwarmintelligenz in der neuen weltweiten Vernetzung. Einer Kulturkritik des Alarmismus, wie sie Han mit Heideggerschem Pathos vertritt, kann Knodt nichts abgewinnen. Ihn charakterisiert vielmehr die Neugier des Mitspielers und Beobachters, der die Verwandlungen von Realit\u00e4t in Virtualit\u00e4t und umgekehrt verfolgt. Als Gef\u00e4hrdung notiert er lediglich eines: Dass die Pr\u00e4senz, die \u201areale Gegenwart\u2018 (George Steiner) verloren gehe. Auf sie achtsam zu sein, ist daher eine \u201eDenkempfehlung\u201c Knodts.<\/p>\n\n\n\n<p><strong>L\u00e4ngere Ausf\u00fchrungen:<\/strong><\/p>\n\n\n\n<p><strong>Reinhard Margreiter:<\/strong>&nbsp;Wohnen im Zeitalter der Mobilit\u00e4t &#8211; Ein Essay. (Wichtige klassische Positionen zur Architektur im technischen Raum, Schwabe-Verlg. 2022; 204 S. \u00dcber Knodt: S. 151-160).&nbsp;<\/p>\n\n\n\n<p><strong>Thor van Horn,<\/strong> <strong>Norbert Bebert<\/strong>, (2012)&#8220;Auf Augenh\u00f6he&#8220;ISBN 978-3-942953-13-9S. 23. Potcast: <a title=\"Auf Augenh\u00f6he\/Kulturmacher in der Region N\u00fcrnberg\" href=\"http:\/\/www.kultur-auf-augenhoehe.de\">www.kultur-auf-augenhoehe.de<\/a><\/p>\n\n\n\n<p><strong>Gerhard Dirmoser<\/strong> &#8211; Plakatstudie zu Peter Sloterdijk (PS), Thomas Macho, Reinhard Knodt (RK), Michael Hauskeller (MH), Denise Schulz (DS), Susanne de Ponte, Franz Xaver Baier (XB), Gernot B\u00f6hme (GB), Martin Seel (MS), Hubert Sowa&nbsp;<span class=\"text_exposed_show\">und anderen. vgl. <\/span><a href=\"http:\/\/www.servus.at\/kontext\/Ausstellungskunst\/art_in_context.htm\" target=\"_blank\" rel=\"nofollow noopener noreferrer\">www.servus.at\/kontext\/Ausstellungskunst\/art_in context.htm&nbsp;<\/a><\/p>\n\n\n\n<p><strong>Hermann Glaser<\/strong>&nbsp;(2015) &#8211; Franken &#8211; eine deutsche Literaturlandschaft Epochen, Dichter Werke Gunzenhausen, Schrenk.<\/p>\n\n\n\n<p><strong>Clemens Wachter<\/strong>:&nbsp;<a class=\"external text\" style=\"color: #663366;\" href=\"http:\/\/periodika.digitale-sammlungen.de\/mvgn\/Blatt_bsb00001002,00307.html?prozent=1\" rel=\"nofollow\"><i>Literaturpflege in N\u00fcrnberg nach dem Zweiten Weltkrieg<\/i><\/a>; (Mitteilungen des Vereins f\u00fcr Geschichte der Stadt N\u00fcrnberg 88) 2001, S. 255\u2013262.<\/p>\n\n\n\n<p><strong>Artikel zu RK:<\/strong><\/p>\n\n\n\n<p><strong>Nachsommer des Denkens.<\/strong>&nbsp;Reinhard Knodt und der Schnackenhof &#8211; In: <strong>DER SPIEGEL 26<\/strong>\/1996. (<a href=\"http:\/\/www.spiegel.de\/spiegel\/print\/d-8940223.html\" target=\"_blank\" rel=\"noopener noreferrer\">Reinhard Knodt im Spiegel)<\/a><\/p>\n\n\n\n<p><a style=\"color: #0b0080;\" title=\"Walther Killy\" href=\"http:\/\/de.wikipedia.org\/wiki\/Walther_Killy\">Walther Killy<\/a>&nbsp;(Hg.): Literaturlexikon. Autoren und Werke deutscher Sprache. M\u00fcnchen: Bertelsmann Lexikon-Verlag 1986 ff., Bd. 6, S. 412 ff.<\/p>\n\n\n\n<p><strong>Andreas Sichelstiel<\/strong>: &#8222;Ein offenes Haus f\u00fcr K\u00fcnstler&#8230; Im Schackenhof leben, arbeiten und feiern Musiker, Dichter und Maler seit genau 15 Jahren&#8230;. In: Pegnitz-Zt. 14. April 2010.<\/p>\n\n\n\n<h5 class=\"wp-block-heading\"><a href=\"http:\/\/de.wikipedia.org\/wiki\/Reinhard_Knodt\" target=\"_blank\" rel=\"noopener noreferrer\">http:\/\/de.wikipedia.org\/wiki\/Reinhard_Knodt<\/a><\/h5>\n\n\n\n<h5 class=\"wp-block-heading\"><a href=\"https:\/\/www.blogger.com\/blogger.g?blogID=7751296417213007112#editor\/target=post;postID=3895117006674798613;onPublishedMenu=allposts;onClosedMenu=allposts;postNum=0;src=postname\" rel=\"noopener noreferrer\">Pressestimmen zu&nbsp;\u201eBrief an den Turmschreiber&#8220;<\/a><\/h5>\n\n\n\n<h5 class=\"wp-block-heading\"><a href=\"http:\/\/knodt.blogspot.de\/search\/label\/Preisrede%20Hans%20Christoph%20Buch%20f%C3%BCr%20Knodt\" target=\"_blank\" rel=\"noopener noreferrer\">LAUDATIO zum Preis der Bayerischen &nbsp;Akademie 2007 (Hans Christoph Buch<\/a>)<\/h5>\n\n\n\n<h5 class=\"wp-block-heading\"><a href=\"http:\/\/www.franken-wiki.de\/index.php\/Reinhard_Knodt\" target=\"_blank\" rel=\"noopener noreferrer\">http:\/\/www.franken-wiki.de\/index.php\/Reinhard_Knodt<\/a><\/h5>\n\n\n\n<h4 class=\"wp-block-heading\"><a href=\"http:\/\/de.wikipedia.org\/wiki\/N%C3%BCrnberger_Autorengespr%C3%A4che\" target=\"_blank\" rel=\"noopener noreferrer\">N\u00fcrnberger Autorengespr\u00e4che<\/a><\/h4>\n\n\n\n<h5 class=\"wp-block-heading\"><a href=\"http:\/\/www.books-by-isbn.com\/authors\/reinhard\/knodt\/\" target=\"_blank\" rel=\"noopener noreferrer\">http:\/\/www.books-by<\/a><a style=\"font-size: 1em;\" href=\"http:\/\/www.books-by-isbn.com\/authors\/reinhard\/knodt\/\" target=\"_blank\" rel=\"noopener noreferrer\">-isbn.com\/authors\/reinhard\/knodt\/<\/a><\/h5>\n\n\n\n<h5 class=\"wp-block-heading\">&nbsp;<\/h5>\n\n\n\n<p><\/p>\n","protected":false},"excerpt":{"rendered":"<p>Reinhard Margreiter: (2022) &#8222;Reinhard Knodt.. ist einer der originellsten deutschen Gegenwartsdenker..ein Grenzg\u00e4nger, der nur mit einem Fu\u00df im Diskurs der akademischen Philosophie steht. Mit dem anderen Fu\u00df steht er im Bereich einer unabh\u00e4ngigen selbstst\u00e4ndigen und eigenwilligen Denkweise, der es schlichtweg &hellip; <a href=\"https:\/\/www.reinhard-knodt.de\/?page_id=6\">Weiterlesen <span class=\"meta-nav\">&rarr;<\/span><\/a><\/p>\n","protected":false},"author":1,"featured_media":0,"parent":0,"menu_order":4,"comment_status":"closed","ping_status":"closed","template":"","meta":{"ngg_post_thumbnail":0,"footnotes":""},"class_list":["post-6","page","type-page","status-publish","hentry"],"_links":{"self":[{"href":"https:\/\/www.reinhard-knodt.de\/index.php?rest_route=\/wp\/v2\/pages\/6","targetHints":{"allow":["GET"]}}],"collection":[{"href":"https:\/\/www.reinhard-knodt.de\/index.php?rest_route=\/wp\/v2\/pages"}],"about":[{"href":"https:\/\/www.reinhard-knodt.de\/index.php?rest_route=\/wp\/v2\/types\/page"}],"author":[{"embeddable":true,"href":"https:\/\/www.reinhard-knodt.de\/index.php?rest_route=\/wp\/v2\/users\/1"}],"replies":[{"embeddable":true,"href":"https:\/\/www.reinhard-knodt.de\/index.php?rest_route=%2Fwp%2Fv2%2Fcomments&post=6"}],"version-history":[{"count":57,"href":"https:\/\/www.reinhard-knodt.de\/index.php?rest_route=\/wp\/v2\/pages\/6\/revisions"}],"predecessor-version":[{"id":1698,"href":"https:\/\/www.reinhard-knodt.de\/index.php?rest_route=\/wp\/v2\/pages\/6\/revisions\/1698"}],"wp:attachment":[{"href":"https:\/\/www.reinhard-knodt.de\/index.php?rest_route=%2Fwp%2Fv2%2Fmedia&parent=6"}],"curies":[{"name":"wp","href":"https:\/\/api.w.org\/{rel}","templated":true}]}}