{"id":193,"date":"2012-04-16T10:40:23","date_gmt":"2012-04-16T08:40:23","guid":{"rendered":"http:\/\/www.reinhard-knodt.de\/?page_id=193"},"modified":"2019-01-22T18:38:05","modified_gmt":"2019-01-22T17:38:05","slug":"publikationen-2","status":"publish","type":"page","link":"https:\/\/www.reinhard-knodt.de\/?page_id=193","title":{"rendered":"Publikationen"},"content":{"rendered":"<address>\u00a0<\/address><address>\u00a0<\/address><address>\u00dcBERBLICK:<\/address><address>\u00a0<\/address><address>(I) \u00a0 \u00a0 \u00a0 \u00a0 \u00a0 <a href=\"http:\/\/www.reinhard-knodt.de\/?page_id=718\">Philosophische Essays\u00a0<\/a><\/address><address>(II) \u00a0 \u00a0 \u00a0 \u00a0 \u00a0<a href=\"http:\/\/www.reinhard-knodt.de\/?page_id=721\">Vortr\u00e4ge<\/a><\/address><address>(III) \u00a0 \u00a0 \u00a0 \u00a0 <a href=\"http:\/\/www.reinhard-knodt.de\/?page_id=726\">Rundfunkarbeiten\u00a0<\/a><\/address><address>(IV) \u00a0 \u00a0 \u00a0 \u00a0 <a href=\"http:\/\/www.reinhard-knodt.de\/?page_id=729\">Literarische B\u00fccher, Erz\u00e4hlungen B\u00fchne, CD, Film\u00a0<\/a><\/address><address>(V) \u00a0 \u00a0 \u00a0 \u00a0 \u00a0<a href=\"http:\/\/www.reinhard-knodt.de\/?page_id=749\">Pressearbeiten,\u00a0<\/a><\/address><address>(VI) \u00a0 \u00a0 \u00a0 <a href=\"http:\/\/www.reinhard-knodt.de\/?page_id=752\">\u00a0 Kunstkritik, Kunstreden und Katalog-Beigaben<\/a><\/address><address>(VII) \u00a0 \u00a0 \u00a0<a href=\"http:\/\/www.reinhard-knodt.de\/?page_id=756\"> \u00a0Literarische Salons<\/a><\/address><address>(VIII) \u00a0 \u00a0 \u00a0<a href=\"http:\/\/www.reinhard-knodt.de\/?page_id=762\">\u00d6ffentliche Reden<\/a>\u00a0<\/address><address>\u00a0<\/address>\n<h6><span style=\"text-decoration: underline;\">Alle bei Amazon lieferbaren Buch-Titel:\u00a0<\/span><a style=\"font-size: 0.9em;\" href=\"http:\/\/www.amazon.de\/exec\/obidos\/search-handle-url?%5Fencoding=UTF8&amp;search-type=ss&amp;index=books-de&amp;field-author=Reinhard%20Knodt\">http:\/\/www.amazon.de\/exec\/obidos\/search-handle-url?%5Fencoding=UTF8&amp;search-type=ss&amp;index=books-de&amp;field-author=Reinhard%20Knodt<\/a><\/h6>\n<p><strong>\u00a0<\/strong><\/p>\n\n\n<p><\/p>\n","protected":false},"excerpt":{"rendered":"<p>\u00a0 \u00a0 \u00dcBERBLICK: \u00a0 (I) \u00a0 \u00a0 \u00a0 \u00a0 \u00a0 Philosophische Essays\u00a0 (II) \u00a0 \u00a0 \u00a0 \u00a0 \u00a0Vortr\u00e4ge (III) \u00a0 \u00a0 \u00a0 \u00a0 Rundfunkarbeiten\u00a0 (IV) \u00a0 \u00a0 \u00a0 \u00a0 Literarische B\u00fccher, Erz\u00e4hlungen B\u00fchne, CD, Film\u00a0 (V) \u00a0 \u00a0 \u00a0 \u00a0 &hellip; <a href=\"https:\/\/www.reinhard-knodt.de\/?page_id=193\">Weiterlesen <span class=\"meta-nav\">&rarr;<\/span><\/a><\/p>\n","protected":false},"author":1,"featured_media":0,"parent":0,"menu_order":0,"comment_status":"closed","ping_status":"closed","template":"","meta":{"ngg_post_thumbnail":0,"footnotes":""},"class_list":["post-193","page","type-page","status-publish","hentry"],"_links":{"self":[{"href":"https:\/\/www.reinhard-knodt.de\/index.php?rest_route=\/wp\/v2\/pages\/193","targetHints":{"allow":["GET"]}}],"collection":[{"href":"https:\/\/www.reinhard-knodt.de\/index.php?rest_route=\/wp\/v2\/pages"}],"about":[{"href":"https:\/\/www.reinhard-knodt.de\/index.php?rest_route=\/wp\/v2\/types\/page"}],"author":[{"embeddable":true,"href":"https:\/\/www.reinhard-knodt.de\/index.php?rest_route=\/wp\/v2\/users\/1"}],"replies":[{"embeddable":true,"href":"https:\/\/www.reinhard-knodt.de\/index.php?rest_route=%2Fwp%2Fv2%2Fcomments&post=193"}],"version-history":[{"count":112,"href":"https:\/\/www.reinhard-knodt.de\/index.php?rest_route=\/wp\/v2\/pages\/193\/revisions"}],"predecessor-version":[{"id":1132,"href":"https:\/\/www.reinhard-knodt.de\/index.php?rest_route=\/wp\/v2\/pages\/193\/revisions\/1132"}],"wp:attachment":[{"href":"https:\/\/www.reinhard-knodt.de\/index.php?rest_route=%2Fwp%2Fv2%2Fmedia&parent=193"}],"curies":[{"name":"wp","href":"https:\/\/api.w.org\/{rel}","templated":true}]}}