{"id":11,"date":"2011-09-26T18:37:53","date_gmt":"2011-09-26T18:37:53","guid":{"rendered":"http:\/\/www.stein-it-consult.de\/WP-Reinhard-Knodt\/?page_id=11"},"modified":"2022-10-26T13:42:31","modified_gmt":"2022-10-26T11:42:31","slug":"aktuelles","status":"publish","type":"page","link":"https:\/\/www.reinhard-knodt.de\/?page_id=11","title":{"rendered":"Wichtige Auftritte 2022"},"content":{"rendered":"<p>&nbsp;<\/p>\n<p>&nbsp;<\/p>\n<p><strong>Samstag 12. Nov. &nbsp;St. Willibald, Weissenburg. 19.00:&nbsp;<\/strong>3-Klang &nbsp;Musik -Licht-Lyrik. Auff\u00fchrung des Zyklus &#8222;Lichtgedichte&#8220; (2022) .&nbsp;<\/p>\n<p><strong>Fr. 28. Okt. Rotes Haus Karlsruhe: &nbsp;19.00.<\/strong> &nbsp;Vortrag: Harmoniekultur versus Streitkultur &#8211; ob wir von China lernen k\u00f6nnen?&nbsp;<\/p>\n<p><strong>Di. 25. Oktober Buchh\u00e4ndlerkeller Berlin<\/strong>&nbsp;20.00. &#8211; Gespr\u00e4ch mit Matthias Drescher \u00fcber China und den Westen. (Buchvorstellung Matthias Drescher: Bilder die ins Vergessen f\u00fchren. &nbsp;PalmArtPress Berlin 2022)<\/p>\n<p><strong>16. &#8211; 22. Oktober:<\/strong>&nbsp; Sonderseminar in Torbole; Sehnsucht nach dem Einen Philosophie und Literatur auf den Spuren der Ber\u00fchmtheiten des 20. Jh. (Th. Mann, Kafka, Rilke, Nietzsche,) Preise von 850. &#8211; bis &nbsp;1350.- Mit Hat Hlavata (Orga) und Ludwig Frambach (Qigong und Wort). (H\u00f6chstzahl 12 Teiln.)<\/p>\n<p><strong>16. September 2022&nbsp;<\/strong><strong>Bauhaus Reuse Berlin<\/strong>:&nbsp;In Kombination mit einer Installation filmischer Portraits&nbsp;von ukrainischen und russischen K\u00fcnstlern im Exil und Performances&nbsp;von Aktionsk\u00fcnstlern auf der Verkehrsinsel Ernst- Reuter- Platz, soll am 16. 9. 2022 eine Diskussionsrunde stattfinden.&nbsp;In Vorbereitung des Gespr\u00e4ches wird eine&nbsp;Agenda mit Fragen zur Rolle der Kunst in Kriegs- und Krisenzeiten ausgearbeitet. (Angaben folgen)<\/p>\n<p><strong>26. August&nbsp; 19.00 :&nbsp;<\/strong>&nbsp;<strong>Nulli Concedo..!<\/strong> Er\u00f6ffnungsrede des Jahres-Kongresses der west\u00f6stlichen Akademie interkultureller Begegnung (Hannover-Langenhagen). <span id=\"page3R_mcid3\" class=\"markedContent\"><span dir=\"ltr\" role=\"presentation\">(<a href=\"http:\/\/www.westostakademie.de\">www.Westostakademie.de<\/a>)&nbsp;<\/span><\/span><span id=\"page3R_mcid5\" class=\"markedContent\"><span dir=\"ltr\" role=\"presentation\"><strong>Ort:<\/strong> Bildungszentrum<\/span> <span dir=\"ltr\" role=\"presentation\">im Eichenpark<\/span><span dir=\"ltr\" role=\"presentation\">, Stadtparkallee 31, 30853 Langenhagen.<\/span><\/span><span id=\"page3R_mcid6\" class=\"markedContent\"><\/span><span id=\"page3R_mcid7\" class=\"markedContent\"><br role=\"presentation\"><\/span><\/p>\n<p><strong>15. Juni 2022<\/strong>&nbsp; 17.00. OSTRALE Dresden: HUMAN MANIFEST &#8211; Wie viel Blut soll noch vergossen werden? Mit Peter Kees, Elena Korowin, Martin Liebmann, Dr. Rolf Mckenzie, Harald Seubert und anderen. &nbsp;<\/p>\n<p>&nbsp;<span style=\"font-size: medium;\"><strong>2. April 2022<\/strong>, 20.00 Uhr, Klosterkirche Auhausen, Klosterhof 7, 86736 Auhausen:&nbsp;<\/span><span style=\"font-size: medium;\"><b>3-Klang-Ensemble Musik I Licht I Lyrik (aus dem Programmheft:)<\/b><\/span><\/p>\n<p><span style=\"font-size: medium;\"><b>&#8222;Universen voller Licht\u201c :<\/b><\/span><span style=\"font-size: medium;\">&#8222;Die Gedichte Reinhard Knodts zum Thema <i>Licht<\/i>, welche im Jahr 2021 entstanden sind, bilden den Mittelpunkt des Abends. Die Malerin Annette Steinacker-Holst wird den Chorraum mit Dias eigener Werke und denen ihres Vaters, Ernst Steinacker, gro\u00dfformatig ausleuchten. Die S\u00e4ngerin Conny Pfau (Berlin), der Saxophonist Bernd Fischer und der Pianist Marcus Pr\u00fcgel setzen Akzente aus den Bereichen Blues, Gospel und Jazz. Musik, Lichtprojektion und Lyrik verdichten sich zu einem Gesamterlebnis und lassen eine au\u00dfergew\u00f6hnliche Atmosph\u00e4re in der Klosterkirche Auhausen entstehen&#8230;.&#8220;<\/span><\/p>\n<div>&nbsp;<\/div>\n<div>&nbsp;<\/div>\n<p><strong>2021<\/strong><\/p>\n<p><strong>17. Juli. Gespr\u00e4chspodium mit Peter Kees und Harald Seubert: &#8222;Zeitgeist&#8220; in Ebersberg Vgl. dazu die&nbsp;Ver\u00f6ffentlichung: &nbsp;Philosophenweg in Ebersberg, 2021&nbsp;<\/strong><a href=\"http:\/\/www.kunstvereinebersberg.de\/kontakt\/\">http:\/\/www.kunstvereinebersberg.de\/kontakt\/&nbsp;<\/a><\/p>\n<p><strong>18. &#8211; 23. Juli 2021 Reiseseminar &#8222;Philosophie f\u00fcr Kreative&#8220;&nbsp;<\/strong><\/p>\n<p><strong>Thema: &#8222;Ver\u00e4nderung&#8220;<\/strong>; Ort: Schlo\u00df Steinh\u00f6fel bei Berlin. Nachfragen und Anmeldung unter 015209812477. Oder \u00fcber die Homepage: <a href=\"http:\/\/www.schnackenhof.de\">www.Schnackenhof.de<\/a>.<\/p>\n<p><strong>20. &#8211; 22. &nbsp;August 2021 Sommerakademie<\/strong> der Akademie f\u00fcr west\u00f6stlichen Dialog der Kulturen. <a href=\"http:\/\/www.westostakademie.de\">http:\/\/www.westostakademie.de<\/a>&nbsp;Thema: Der \u00f6ffentliche Mensch, die Ethik und die Kulturen. &nbsp;Programm und Teilnehmer: Vgl. auch: <a href=\"http:\/\/www.ostwestakademie.de\">http:\/\/www.westostakademie.de&nbsp;<\/a><\/p>\n<p><strong>08. Oktober. 19.00 &#8211; 20.30 &nbsp;Rotes Haus Karlsruhe: <\/strong>&#8222;Liebe, Religion und Verwandtes&#8220; &nbsp;Lesung, Vortrag &nbsp;und Buchvorstellung zum ewigen Thema (&nbsp;<a href=\"https:\/\/www.karlsruhe-erleben.de\/veranstaltungen\/denkmaltag\/denkmale\/Rotes-Haus-Karlsruhe\">https:\/\/www.karlsruhe-erleben.de\/veranstaltungen\/denkmaltag\/denkmale\/Rotes-Haus-Karlsruhe)<\/a><\/p>\n<p><strong>10. &#8211; 16. Oktober:<\/strong> &nbsp;Seminar in Torbole; Philosophie und Literatur auf den Spuren der Ber\u00fchmtheiten des 20. Jh. (Th Mann, Kafka, Rilke, Nietzsche,) Preise von 950. &#8211; bis &nbsp;1350.- Organisation: Michaela Moritz 015209812477. (Bisher (Juli) 10 Teilnehmer, H\u00f6chstzahl 12<\/p>\n<p>&nbsp;<\/p>\n<p><em><strong>Neu: <a href=\"http:\/\/www.Schnackenhof.de\">www.Schnackenhof.de&nbsp;<\/a><\/strong><\/em><\/p>\n<p><strong>Neu: <a href=\"http:\/\/www.westostakademie.de\">www.westostakademie.de<\/a><\/strong><\/p>\n<p>&nbsp;<\/p>\n<p>xxxxxxxxxxxx<\/p>\n<p>&nbsp;<\/p>\n<p>&nbsp;<\/p>\n<p>&nbsp;<\/p>\n<p>&nbsp;<\/p>\n<p>&nbsp;<\/p>\n<p>&nbsp;<\/p>\n<p>&nbsp;<\/p>\n<p>&nbsp;<\/p>\n\n\n<p><\/p>\n","protected":false},"excerpt":{"rendered":"<p>&nbsp; &nbsp; Samstag 12. Nov. &nbsp;St. Willibald, Weissenburg. 19.00:&nbsp;3-Klang &nbsp;Musik -Licht-Lyrik. Auff\u00fchrung des Zyklus &#8222;Lichtgedichte&#8220; (2022) .&nbsp; Fr. 28. Okt. Rotes Haus Karlsruhe: &nbsp;19.00. &nbsp;Vortrag: Harmoniekultur versus Streitkultur &#8211; ob wir von China lernen k\u00f6nnen?&nbsp; Di. 25. Oktober Buchh\u00e4ndlerkeller Berlin&nbsp;20.00. &hellip; <a href=\"https:\/\/www.reinhard-knodt.de\/?page_id=11\">Weiterlesen <span class=\"meta-nav\">&rarr;<\/span><\/a><\/p>\n","protected":false},"author":1,"featured_media":0,"parent":0,"menu_order":5,"comment_status":"closed","ping_status":"closed","template":"","meta":{"ngg_post_thumbnail":0,"footnotes":""},"class_list":["post-11","page","type-page","status-publish","hentry"],"_links":{"self":[{"href":"https:\/\/www.reinhard-knodt.de\/index.php?rest_route=\/wp\/v2\/pages\/11","targetHints":{"allow":["GET"]}}],"collection":[{"href":"https:\/\/www.reinhard-knodt.de\/index.php?rest_route=\/wp\/v2\/pages"}],"about":[{"href":"https:\/\/www.reinhard-knodt.de\/index.php?rest_route=\/wp\/v2\/types\/page"}],"author":[{"embeddable":true,"href":"https:\/\/www.reinhard-knodt.de\/index.php?rest_route=\/wp\/v2\/users\/1"}],"replies":[{"embeddable":true,"href":"https:\/\/www.reinhard-knodt.de\/index.php?rest_route=%2Fwp%2Fv2%2Fcomments&post=11"}],"version-history":[{"count":136,"href":"https:\/\/www.reinhard-knodt.de\/index.php?rest_route=\/wp\/v2\/pages\/11\/revisions"}],"predecessor-version":[{"id":1700,"href":"https:\/\/www.reinhard-knodt.de\/index.php?rest_route=\/wp\/v2\/pages\/11\/revisions\/1700"}],"wp:attachment":[{"href":"https:\/\/www.reinhard-knodt.de\/index.php?rest_route=%2Fwp%2Fv2%2Fmedia&parent=11"}],"curies":[{"name":"wp","href":"https:\/\/api.w.org\/{rel}","templated":true}]}}